{"id":4480,"date":"2021-12-30T08:24:10","date_gmt":"2021-12-30T01:24:10","guid":{"rendered":"https:\/\/3croastery.com\/product\/barista-kit-expansion-accessories-nanopresso\/"},"modified":"2021-12-30T08:24:10","modified_gmt":"2021-12-30T01:24:10","slug":"barista-kit-expansion-accessories-nanopresso","status":"publish","type":"product","link":"https:\/\/3croastery.com\/en\/product\/barista-kit-expansion-accessories-nanopresso\/","title":{"rendered":"Barista kit (expansion accessories) Nanopresso"},"content":{"rendered":"<h1>Barista Kit (Nanopresso Expansion Accessories)<\/h1>\n<p>The Barista Kit includes:<\/p>\n<ul>\n<li>1 Tamper Tool (Coffee Press)<\/li>\n<li>1 Filter (Hopper) \u00d7 8g<\/li>\n<li>2 Filters (Hopper) \u00d7 16g<\/li>\n<li>1 Water Reservoir 140ml<\/li>\n<li>1 Integrated Ring<\/li>\n<\/ul>\n<h2>Outstanding Features:<\/h2>\n<ul>\n<li>Double the coffee amount in a single brew with 2 \u00d7 16g filters and 1 \u00d7 8g filter.<\/li>\n<li>Holds a larger water capacity of up to 140ml.<\/li>\n<li>Easy to assemble and clean, making it a great travel companion with friends.<\/li>\n<\/ul>\n<h2>Detailed Description:<\/h2>\n<p>The <strong>Barista Kit (Nanopresso Expansion Accessories)<\/strong> offers you an exciting experience when paired with the Nanopresso. This kit allows you to brew richer, stronger coffee, providing more energy for your long journeys of exploration.<\/p>\n<p>Equipped with 2 \u00d7 16g filters and 1 \u00d7 8g filter, you can ensure a generous supply of coffee for your travels. The Barista Kit enables you to brew more coffee and customize the strength to your preference.<\/p>\n<p>Learn more about coffee brewing tools: <a href=\"https:\/\/3croastery.com\/product-category\/dung-cu-pha-che\/\">https:\/\/3croastery.com\/product-category\/dung-cu-pha-che\/<\/a><br \/>\nFollow us on Facebook: <a href=\"https:\/\/www.facebook.com\/3cshopvn\">https:\/\/www.facebook.com\/3cshopvn<\/a><\/p>\n","protected":false},"excerpt":{"rendered":"<p>Barista Kit (Nanopresso Expansion Accessories) The Barista Kit includes: 1 Tamper Tool (Coffee Press) 1 Filter (Hopper) \u00d7 8g 2 Filters (Hopper) \u00d7 16g 1 Water Reservoir 140ml 1 Integrated Ring Outstanding Features: Double the coffee amount in a single brew with 2 \u00d7 16g filters and 1 \u00d7 8g filter. Holds a larger water [&hellip;]<\/p>\n","protected":false},"featured_media":3347,"comment_status":"open","ping_status":"closed","template":"","meta":{"inline_featured_image":false},"product_cat":[19],"product_tag":[],"class_list":{"0":"post-4480","1":"product","2":"type-product","3":"status-publish","4":"has-post-thumbnail","6":"product_cat-coffee-catagory","8":"first","9":"outofstock","10":"shipping-taxable","11":"purchasable","12":"product-type-simple"},"yoast_head":"<!-- This site is optimized with the Yoast SEO plugin v23.8 - https:\/\/yoast.com\/wordpress\/plugins\/seo\/ -->\n<title>Barista kit (expansion accessories) Nanopresso - 3C Roastery<\/title>\n<meta name=\"description\" content=\"Barista kit (expansion accessory) Nanopresso gives you a better, stronger cup of coffee, more energy for your journey.\" \/>\n<meta name=\"robots\" content=\"index, follow, max-snippet:-1, max-image-preview:large, max-video-preview:-1\" \/>\n<link rel=\"canonical\" href=\"https:\/\/3croastery.com\/en\/product\/barista-kit-expansion-accessories-nanopresso\/\" \/>\n<meta property=\"og:locale\" content=\"en_US\" \/>\n<meta property=\"og:type\" content=\"article\" \/>\n<meta property=\"og:title\" content=\"Barista kit (expansion accessories) Nanopresso - 3C Roastery\" \/>\n<meta property=\"og:description\" content=\"Barista kit (expansion accessory) Nanopresso gives you a better, stronger cup of coffee, more energy for your journey.\" \/>\n<meta property=\"og:url\" content=\"https:\/\/3croastery.com\/en\/product\/barista-kit-expansion-accessories-nanopresso\/\" \/>\n<meta property=\"og:site_name\" content=\"3C Roastery\" \/>\n<meta property=\"og:image\" content=\"https:\/\/3croastery.com\/wp-content\/uploads\/2021\/12\/IMG_3512-scaled.jpg\" \/>\n\t<meta property=\"og:image:width\" content=\"1920\" \/>\n\t<meta property=\"og:image:height\" content=\"2560\" \/>\n\t<meta property=\"og:image:type\" content=\"image\/jpeg\" \/>\n<meta name=\"twitter:card\" content=\"summary_large_image\" \/>\n<meta name=\"twitter:label1\" content=\"Est. reading time\" \/>\n\t<meta name=\"twitter:data1\" content=\"1 minute\" \/>\n<script type=\"application\/ld+json\" class=\"yoast-schema-graph\">{\"@context\":\"https:\/\/schema.org\",\"@graph\":[{\"@type\":\"WebPage\",\"@id\":\"https:\/\/3croastery.com\/en\/product\/barista-kit-expansion-accessories-nanopresso\/\",\"url\":\"https:\/\/3croastery.com\/en\/product\/barista-kit-expansion-accessories-nanopresso\/\",\"name\":\"Barista kit (expansion accessories) Nanopresso - 3C Roastery\",\"isPartOf\":{\"@id\":\"https:\/\/3croastery.com\/en\/#website\"},\"primaryImageOfPage\":{\"@id\":\"https:\/\/3croastery.com\/en\/product\/barista-kit-expansion-accessories-nanopresso\/#primaryimage\"},\"image\":{\"@id\":\"https:\/\/3croastery.com\/en\/product\/barista-kit-expansion-accessories-nanopresso\/#primaryimage\"},\"thumbnailUrl\":\"https:\/\/3croastery.com\/wp-content\/uploads\/2021\/12\/IMG_3512-scaled.jpg\",\"datePublished\":\"2021-12-30T01:24:10+00:00\",\"dateModified\":\"2021-12-30T01:24:10+00:00\",\"description\":\"Barista kit (expansion accessory) Nanopresso gives you a better, stronger cup of coffee, more energy for your journey.\",\"breadcrumb\":{\"@id\":\"https:\/\/3croastery.com\/en\/product\/barista-kit-expansion-accessories-nanopresso\/#breadcrumb\"},\"inLanguage\":\"en-US\",\"potentialAction\":[{\"@type\":\"ReadAction\",\"target\":[\"https:\/\/3croastery.com\/en\/product\/barista-kit-expansion-accessories-nanopresso\/\"]}]},{\"@type\":\"ImageObject\",\"inLanguage\":\"en-US\",\"@id\":\"https:\/\/3croastery.com\/en\/product\/barista-kit-expansion-accessories-nanopresso\/#primaryimage\",\"url\":\"https:\/\/3croastery.com\/wp-content\/uploads\/2021\/12\/IMG_3512-scaled.jpg\",\"contentUrl\":\"https:\/\/3croastery.com\/wp-content\/uploads\/2021\/12\/IMG_3512-scaled.jpg\",\"width\":1920,\"height\":2560},{\"@type\":\"BreadcrumbList\",\"@id\":\"https:\/\/3croastery.com\/en\/product\/barista-kit-expansion-accessories-nanopresso\/#breadcrumb\",\"itemListElement\":[{\"@type\":\"ListItem\",\"position\":1,\"name\":\"Trang ch\u1ee7\",\"item\":\"https:\/\/3croastery.com\/en\/\"},{\"@type\":\"ListItem\",\"position\":2,\"name\":\"Online Shop\",\"item\":\"https:\/\/3croastery.com\/en\/shop\/\"},{\"@type\":\"ListItem\",\"position\":3,\"name\":\"Barista kit (expansion accessories) Nanopresso\"}]},{\"@type\":\"WebSite\",\"@id\":\"https:\/\/3croastery.com\/en\/#website\",\"url\":\"https:\/\/3croastery.com\/en\/\",\"name\":\"3C Roastery\",\"description\":\"Specialty Coffee\",\"potentialAction\":[{\"@type\":\"SearchAction\",\"target\":{\"@type\":\"EntryPoint\",\"urlTemplate\":\"https:\/\/3croastery.com\/en\/?s={search_term_string}\"},\"query-input\":{\"@type\":\"PropertyValueSpecification\",\"valueRequired\":true,\"valueName\":\"search_term_string\"}}],\"inLanguage\":\"en-US\"}]}<\/script>\n<!-- \/ Yoast SEO plugin. -->","yoast_head_json":{"title":"Barista kit (expansion accessories) Nanopresso - 3C Roastery","description":"Barista kit (expansion accessory) Nanopresso gives you a better, stronger cup of coffee, more energy for your journey.","robots":{"index":"index","follow":"follow","max-snippet":"max-snippet:-1","max-image-preview":"max-image-preview:large","max-video-preview":"max-video-preview:-1"},"canonical":"https:\/\/3croastery.com\/en\/product\/barista-kit-expansion-accessories-nanopresso\/","og_locale":"en_US","og_type":"article","og_title":"Barista kit (expansion accessories) Nanopresso - 3C Roastery","og_description":"Barista kit (expansion accessory) Nanopresso gives you a better, stronger cup of coffee, more energy for your journey.","og_url":"https:\/\/3croastery.com\/en\/product\/barista-kit-expansion-accessories-nanopresso\/","og_site_name":"3C Roastery","og_image":[{"width":1920,"height":2560,"url":"https:\/\/3croastery.com\/wp-content\/uploads\/2021\/12\/IMG_3512-scaled.jpg","type":"image\/jpeg"}],"twitter_card":"summary_large_image","twitter_misc":{"Est. reading time":"1 minute"},"schema":{"@context":"https:\/\/schema.org","@graph":[{"@type":"WebPage","@id":"https:\/\/3croastery.com\/en\/product\/barista-kit-expansion-accessories-nanopresso\/","url":"https:\/\/3croastery.com\/en\/product\/barista-kit-expansion-accessories-nanopresso\/","name":"Barista kit (expansion accessories) Nanopresso - 3C Roastery","isPartOf":{"@id":"https:\/\/3croastery.com\/en\/#website"},"primaryImageOfPage":{"@id":"https:\/\/3croastery.com\/en\/product\/barista-kit-expansion-accessories-nanopresso\/#primaryimage"},"image":{"@id":"https:\/\/3croastery.com\/en\/product\/barista-kit-expansion-accessories-nanopresso\/#primaryimage"},"thumbnailUrl":"https:\/\/3croastery.com\/wp-content\/uploads\/2021\/12\/IMG_3512-scaled.jpg","datePublished":"2021-12-30T01:24:10+00:00","dateModified":"2021-12-30T01:24:10+00:00","description":"Barista kit (expansion accessory) Nanopresso gives you a better, stronger cup of coffee, more energy for your journey.","breadcrumb":{"@id":"https:\/\/3croastery.com\/en\/product\/barista-kit-expansion-accessories-nanopresso\/#breadcrumb"},"inLanguage":"en-US","potentialAction":[{"@type":"ReadAction","target":["https:\/\/3croastery.com\/en\/product\/barista-kit-expansion-accessories-nanopresso\/"]}]},{"@type":"ImageObject","inLanguage":"en-US","@id":"https:\/\/3croastery.com\/en\/product\/barista-kit-expansion-accessories-nanopresso\/#primaryimage","url":"https:\/\/3croastery.com\/wp-content\/uploads\/2021\/12\/IMG_3512-scaled.jpg","contentUrl":"https:\/\/3croastery.com\/wp-content\/uploads\/2021\/12\/IMG_3512-scaled.jpg","width":1920,"height":2560},{"@type":"BreadcrumbList","@id":"https:\/\/3croastery.com\/en\/product\/barista-kit-expansion-accessories-nanopresso\/#breadcrumb","itemListElement":[{"@type":"ListItem","position":1,"name":"Trang ch\u1ee7","item":"https:\/\/3croastery.com\/en\/"},{"@type":"ListItem","position":2,"name":"Online Shop","item":"https:\/\/3croastery.com\/en\/shop\/"},{"@type":"ListItem","position":3,"name":"Barista kit (expansion accessories) Nanopresso"}]},{"@type":"WebSite","@id":"https:\/\/3croastery.com\/en\/#website","url":"https:\/\/3croastery.com\/en\/","name":"3C Roastery","description":"Specialty Coffee","potentialAction":[{"@type":"SearchAction","target":{"@type":"EntryPoint","urlTemplate":"https:\/\/3croastery.com\/en\/?s={search_term_string}"},"query-input":{"@type":"PropertyValueSpecification","valueRequired":true,"valueName":"search_term_string"}}],"inLanguage":"en-US"}]}},"_links":{"self":[{"href":"https:\/\/3croastery.com\/en\/wp-json\/wp\/v2\/product\/4480","targetHints":{"allow":["GET"]}}],"collection":[{"href":"https:\/\/3croastery.com\/en\/wp-json\/wp\/v2\/product"}],"about":[{"href":"https:\/\/3croastery.com\/en\/wp-json\/wp\/v2\/types\/product"}],"replies":[{"embeddable":true,"href":"https:\/\/3croastery.com\/en\/wp-json\/wp\/v2\/comments?post=4480"}],"wp:featuredmedia":[{"embeddable":true,"href":"https:\/\/3croastery.com\/en\/wp-json\/wp\/v2\/media\/3347"}],"wp:attachment":[{"href":"https:\/\/3croastery.com\/en\/wp-json\/wp\/v2\/media?parent=4480"}],"wp:term":[{"taxonomy":"product_cat","embeddable":true,"href":"https:\/\/3croastery.com\/en\/wp-json\/wp\/v2\/product_cat?post=4480"},{"taxonomy":"product_tag","embeddable":true,"href":"https:\/\/3croastery.com\/en\/wp-json\/wp\/v2\/product_tag?post=4480"}],"curies":[{"name":"wp","href":"https:\/\/api.w.org\/{rel}","templated":true}]}}