{"id":4427,"date":"2022-01-03T16:22:37","date_gmt":"2022-01-03T09:22:37","guid":{"rendered":"https:\/\/3croastery.com\/product\/1zpresso-k-pro-hand-grinder\/"},"modified":"2022-01-03T16:22:37","modified_gmt":"2022-01-03T09:22:37","slug":"1zpresso-k-pro-hand-grinder","status":"publish","type":"product","link":"https:\/\/3croastery.com\/en\/product\/1zpresso-k-pro-hand-grinder\/","title":{"rendered":"1Zpresso K Pro Hand Grinder"},"content":{"rendered":"<p>The 1Zpresso K Pro is the sibling of the 1Zpresso K Plus (the brand&#8217;s highest-end coffee grinder). It features a conventional threaded coffee container instead of the magnetic bottom-draw container found in the K Plus. The K Pro is built on excellence and consistency in performance, as well as quality craftsmanship. This product offers experiences that are hard to achieve with other grinders.<\/p>\n<p><img decoding=\"async\" src=\"https:\/\/3croastery.com\/wp-content\/uploads\/2022\/01\/kpro-seo-300x200.jpg\" alt=\"1Zpresso K Pro\" \/><\/p>\n<p>The 1Zpresso K Pro has been meticulously researched and crafted by the company&#8217;s engineers. The body is made from a beautifully designed blue-black aluminum alloy, making it both attractive and sturdy. The internal components and handle are made of stainless steel, while the wooden grip provides a comfortable and secure feel.<\/p>\n<p>With 9 settings and 90 clicks, each click adjusts the grind size by 22 microns, allowing users to tackle most espresso machines on the market. The 1Zpresso Pro is ideal for individuals who enjoy exploring various brewing methods and types of coffee. The intuitive external grind size adjustment collar makes changing the grind size much more convenient.<\/p>\n<p><strong>Product Details:<\/strong><\/p>\n<ul>\n<li>Material: Aluminum alloy, silicone, wood<\/li>\n<li>Dimensions: 18.6 x 6.2 x 13 cm<\/li>\n<li>Weight: 750g<\/li>\n<li>Coffee container capacity: 30g<\/li>\n<li>Brand: 1Zpresso<\/li>\n<\/ul>\n","protected":false},"excerpt":{"rendered":"<p>As the younger brother of the 1Zpresso K Plus, the 1Zpresso K Pro omits the magnetic and recessed coffee container, replacing it with a conventional rotating thread container. This change makes the price of the K Pro much more affordable.<\/p>\n","protected":false},"featured_media":3413,"comment_status":"open","ping_status":"closed","template":"","meta":{"inline_featured_image":false},"product_cat":[19],"product_tag":[594,592,595,593],"class_list":{"0":"post-4427","1":"product","2":"type-product","3":"status-publish","4":"has-post-thumbnail","6":"product_cat-coffee-catagory","7":"product_tag-1zpresso-k-pro-en","8":"product_tag-1zpresso-k-pro-grinder","9":"product_tag-k-pro-en","10":"product_tag-k-pro-mill","12":"first","13":"instock","14":"sale","15":"shipping-taxable","16":"purchasable","17":"product-type-simple"},"yoast_head":"<!-- This site is optimized with the Yoast SEO plugin v23.8 - https:\/\/yoast.com\/wordpress\/plugins\/seo\/ -->\n<title>1Zpresso K Pro Hand Grinder - 3C Roastery<\/title>\n<meta name=\"description\" content=\"1Zpresso K Pro l\u00e0 phi\u00ean b\u1ea3n gi\u00e1 th\u00e0nh \u00edt h\u01a1n ng\u01b0\u1eddi anh K Plus nh\u01b0ng ch\u1ea5t l\u01b0\u1ee3ng v\u1eabn \u0111\u1ee9ng h\u00e0ng \u0111\u1ea7u, c\u00f3 th\u1ec3 \u0111\u00e1p \u1ee9ng m\u1ecdi ph\u01b0\u01a1ng th\u1ee9c pha ch\u1ebf.\" \/>\n<meta name=\"robots\" content=\"index, follow, max-snippet:-1, max-image-preview:large, max-video-preview:-1\" \/>\n<link rel=\"canonical\" href=\"https:\/\/3croastery.com\/en\/product\/1zpresso-k-pro-hand-grinder\/\" \/>\n<meta property=\"og:locale\" content=\"en_US\" \/>\n<meta property=\"og:type\" content=\"article\" \/>\n<meta property=\"og:title\" content=\"1Zpresso K Pro Hand Grinder - 3C Roastery\" \/>\n<meta property=\"og:description\" content=\"1Zpresso K Pro l\u00e0 phi\u00ean b\u1ea3n gi\u00e1 th\u00e0nh \u00edt h\u01a1n ng\u01b0\u1eddi anh K Plus nh\u01b0ng ch\u1ea5t l\u01b0\u1ee3ng v\u1eabn \u0111\u1ee9ng h\u00e0ng \u0111\u1ea7u, c\u00f3 th\u1ec3 \u0111\u00e1p \u1ee9ng m\u1ecdi ph\u01b0\u01a1ng th\u1ee9c pha ch\u1ebf.\" \/>\n<meta property=\"og:url\" content=\"https:\/\/3croastery.com\/en\/product\/1zpresso-k-pro-hand-grinder\/\" \/>\n<meta property=\"og:site_name\" content=\"3C Roastery\" \/>\n<meta property=\"og:image\" content=\"https:\/\/3croastery.com\/wp-content\/uploads\/2022\/01\/k-pro.png\" \/>\n\t<meta property=\"og:image:width\" content=\"960\" \/>\n\t<meta property=\"og:image:height\" content=\"960\" \/>\n\t<meta property=\"og:image:type\" content=\"image\/png\" \/>\n<meta name=\"twitter:card\" content=\"summary_large_image\" \/>\n<meta name=\"twitter:label1\" content=\"Est. reading time\" \/>\n\t<meta name=\"twitter:data1\" content=\"1 minute\" \/>\n<script type=\"application\/ld+json\" class=\"yoast-schema-graph\">{\"@context\":\"https:\/\/schema.org\",\"@graph\":[{\"@type\":\"WebPage\",\"@id\":\"https:\/\/3croastery.com\/en\/product\/1zpresso-k-pro-hand-grinder\/\",\"url\":\"https:\/\/3croastery.com\/en\/product\/1zpresso-k-pro-hand-grinder\/\",\"name\":\"1Zpresso K Pro Hand Grinder - 3C Roastery\",\"isPartOf\":{\"@id\":\"https:\/\/3croastery.com\/en\/#website\"},\"primaryImageOfPage\":{\"@id\":\"https:\/\/3croastery.com\/en\/product\/1zpresso-k-pro-hand-grinder\/#primaryimage\"},\"image\":{\"@id\":\"https:\/\/3croastery.com\/en\/product\/1zpresso-k-pro-hand-grinder\/#primaryimage\"},\"thumbnailUrl\":\"https:\/\/3croastery.com\/wp-content\/uploads\/2022\/01\/k-pro.png\",\"datePublished\":\"2022-01-03T09:22:37+00:00\",\"dateModified\":\"2022-01-03T09:22:37+00:00\",\"description\":\"1Zpresso K Pro l\u00e0 phi\u00ean b\u1ea3n gi\u00e1 th\u00e0nh \u00edt h\u01a1n ng\u01b0\u1eddi anh K Plus nh\u01b0ng ch\u1ea5t l\u01b0\u1ee3ng v\u1eabn \u0111\u1ee9ng h\u00e0ng \u0111\u1ea7u, c\u00f3 th\u1ec3 \u0111\u00e1p \u1ee9ng m\u1ecdi ph\u01b0\u01a1ng th\u1ee9c pha ch\u1ebf.\",\"breadcrumb\":{\"@id\":\"https:\/\/3croastery.com\/en\/product\/1zpresso-k-pro-hand-grinder\/#breadcrumb\"},\"inLanguage\":\"en-US\",\"potentialAction\":[{\"@type\":\"ReadAction\",\"target\":[\"https:\/\/3croastery.com\/en\/product\/1zpresso-k-pro-hand-grinder\/\"]}]},{\"@type\":\"ImageObject\",\"inLanguage\":\"en-US\",\"@id\":\"https:\/\/3croastery.com\/en\/product\/1zpresso-k-pro-hand-grinder\/#primaryimage\",\"url\":\"https:\/\/3croastery.com\/wp-content\/uploads\/2022\/01\/k-pro.png\",\"contentUrl\":\"https:\/\/3croastery.com\/wp-content\/uploads\/2022\/01\/k-pro.png\",\"width\":960,\"height\":960},{\"@type\":\"BreadcrumbList\",\"@id\":\"https:\/\/3croastery.com\/en\/product\/1zpresso-k-pro-hand-grinder\/#breadcrumb\",\"itemListElement\":[{\"@type\":\"ListItem\",\"position\":1,\"name\":\"Trang ch\u1ee7\",\"item\":\"https:\/\/3croastery.com\/en\/\"},{\"@type\":\"ListItem\",\"position\":2,\"name\":\"Online Shop\",\"item\":\"https:\/\/3croastery.com\/en\/shop\/\"},{\"@type\":\"ListItem\",\"position\":3,\"name\":\"1Zpresso K Pro Hand Grinder\"}]},{\"@type\":\"WebSite\",\"@id\":\"https:\/\/3croastery.com\/en\/#website\",\"url\":\"https:\/\/3croastery.com\/en\/\",\"name\":\"3C Roastery\",\"description\":\"Specialty Coffee\",\"potentialAction\":[{\"@type\":\"SearchAction\",\"target\":{\"@type\":\"EntryPoint\",\"urlTemplate\":\"https:\/\/3croastery.com\/en\/?s={search_term_string}\"},\"query-input\":{\"@type\":\"PropertyValueSpecification\",\"valueRequired\":true,\"valueName\":\"search_term_string\"}}],\"inLanguage\":\"en-US\"}]}<\/script>\n<!-- \/ Yoast SEO plugin. -->","yoast_head_json":{"title":"1Zpresso K Pro Hand Grinder - 3C Roastery","description":"1Zpresso K Pro l\u00e0 phi\u00ean b\u1ea3n gi\u00e1 th\u00e0nh \u00edt h\u01a1n ng\u01b0\u1eddi anh K Plus nh\u01b0ng ch\u1ea5t l\u01b0\u1ee3ng v\u1eabn \u0111\u1ee9ng h\u00e0ng \u0111\u1ea7u, c\u00f3 th\u1ec3 \u0111\u00e1p \u1ee9ng m\u1ecdi ph\u01b0\u01a1ng th\u1ee9c pha ch\u1ebf.","robots":{"index":"index","follow":"follow","max-snippet":"max-snippet:-1","max-image-preview":"max-image-preview:large","max-video-preview":"max-video-preview:-1"},"canonical":"https:\/\/3croastery.com\/en\/product\/1zpresso-k-pro-hand-grinder\/","og_locale":"en_US","og_type":"article","og_title":"1Zpresso K Pro Hand Grinder - 3C Roastery","og_description":"1Zpresso K Pro l\u00e0 phi\u00ean b\u1ea3n gi\u00e1 th\u00e0nh \u00edt h\u01a1n ng\u01b0\u1eddi anh K Plus nh\u01b0ng ch\u1ea5t l\u01b0\u1ee3ng v\u1eabn \u0111\u1ee9ng h\u00e0ng \u0111\u1ea7u, c\u00f3 th\u1ec3 \u0111\u00e1p \u1ee9ng m\u1ecdi ph\u01b0\u01a1ng th\u1ee9c pha ch\u1ebf.","og_url":"https:\/\/3croastery.com\/en\/product\/1zpresso-k-pro-hand-grinder\/","og_site_name":"3C Roastery","og_image":[{"width":960,"height":960,"url":"https:\/\/3croastery.com\/wp-content\/uploads\/2022\/01\/k-pro.png","type":"image\/png"}],"twitter_card":"summary_large_image","twitter_misc":{"Est. reading time":"1 minute"},"schema":{"@context":"https:\/\/schema.org","@graph":[{"@type":"WebPage","@id":"https:\/\/3croastery.com\/en\/product\/1zpresso-k-pro-hand-grinder\/","url":"https:\/\/3croastery.com\/en\/product\/1zpresso-k-pro-hand-grinder\/","name":"1Zpresso K Pro Hand Grinder - 3C Roastery","isPartOf":{"@id":"https:\/\/3croastery.com\/en\/#website"},"primaryImageOfPage":{"@id":"https:\/\/3croastery.com\/en\/product\/1zpresso-k-pro-hand-grinder\/#primaryimage"},"image":{"@id":"https:\/\/3croastery.com\/en\/product\/1zpresso-k-pro-hand-grinder\/#primaryimage"},"thumbnailUrl":"https:\/\/3croastery.com\/wp-content\/uploads\/2022\/01\/k-pro.png","datePublished":"2022-01-03T09:22:37+00:00","dateModified":"2022-01-03T09:22:37+00:00","description":"1Zpresso K Pro l\u00e0 phi\u00ean b\u1ea3n gi\u00e1 th\u00e0nh \u00edt h\u01a1n ng\u01b0\u1eddi anh K Plus nh\u01b0ng ch\u1ea5t l\u01b0\u1ee3ng v\u1eabn \u0111\u1ee9ng h\u00e0ng \u0111\u1ea7u, c\u00f3 th\u1ec3 \u0111\u00e1p \u1ee9ng m\u1ecdi ph\u01b0\u01a1ng th\u1ee9c pha ch\u1ebf.","breadcrumb":{"@id":"https:\/\/3croastery.com\/en\/product\/1zpresso-k-pro-hand-grinder\/#breadcrumb"},"inLanguage":"en-US","potentialAction":[{"@type":"ReadAction","target":["https:\/\/3croastery.com\/en\/product\/1zpresso-k-pro-hand-grinder\/"]}]},{"@type":"ImageObject","inLanguage":"en-US","@id":"https:\/\/3croastery.com\/en\/product\/1zpresso-k-pro-hand-grinder\/#primaryimage","url":"https:\/\/3croastery.com\/wp-content\/uploads\/2022\/01\/k-pro.png","contentUrl":"https:\/\/3croastery.com\/wp-content\/uploads\/2022\/01\/k-pro.png","width":960,"height":960},{"@type":"BreadcrumbList","@id":"https:\/\/3croastery.com\/en\/product\/1zpresso-k-pro-hand-grinder\/#breadcrumb","itemListElement":[{"@type":"ListItem","position":1,"name":"Trang ch\u1ee7","item":"https:\/\/3croastery.com\/en\/"},{"@type":"ListItem","position":2,"name":"Online Shop","item":"https:\/\/3croastery.com\/en\/shop\/"},{"@type":"ListItem","position":3,"name":"1Zpresso K Pro Hand Grinder"}]},{"@type":"WebSite","@id":"https:\/\/3croastery.com\/en\/#website","url":"https:\/\/3croastery.com\/en\/","name":"3C Roastery","description":"Specialty Coffee","potentialAction":[{"@type":"SearchAction","target":{"@type":"EntryPoint","urlTemplate":"https:\/\/3croastery.com\/en\/?s={search_term_string}"},"query-input":{"@type":"PropertyValueSpecification","valueRequired":true,"valueName":"search_term_string"}}],"inLanguage":"en-US"}]}},"_links":{"self":[{"href":"https:\/\/3croastery.com\/en\/wp-json\/wp\/v2\/product\/4427","targetHints":{"allow":["GET"]}}],"collection":[{"href":"https:\/\/3croastery.com\/en\/wp-json\/wp\/v2\/product"}],"about":[{"href":"https:\/\/3croastery.com\/en\/wp-json\/wp\/v2\/types\/product"}],"replies":[{"embeddable":true,"href":"https:\/\/3croastery.com\/en\/wp-json\/wp\/v2\/comments?post=4427"}],"wp:featuredmedia":[{"embeddable":true,"href":"https:\/\/3croastery.com\/en\/wp-json\/wp\/v2\/media\/3413"}],"wp:attachment":[{"href":"https:\/\/3croastery.com\/en\/wp-json\/wp\/v2\/media?parent=4427"}],"wp:term":[{"taxonomy":"product_cat","embeddable":true,"href":"https:\/\/3croastery.com\/en\/wp-json\/wp\/v2\/product_cat?post=4427"},{"taxonomy":"product_tag","embeddable":true,"href":"https:\/\/3croastery.com\/en\/wp-json\/wp\/v2\/product_tag?post=4427"}],"curies":[{"name":"wp","href":"https:\/\/api.w.org\/{rel}","templated":true}]}}