{"id":4164,"date":"2021-09-11T16:02:12","date_gmt":"2021-09-11T09:02:12","guid":{"rendered":"https:\/\/3croastery.com\/trang-chu\/"},"modified":"2025-03-23T18:29:03","modified_gmt":"2025-03-23T11:29:03","slug":"trang-chu","status":"publish","type":"page","link":"https:\/\/3croastery.com\/en\/","title":{"rendered":"Home"},"content":{"rendered":"<h1>The Third Wave of Coffee!<\/h1>\n<p>I still vividly remember the first cup of coffee that changed my life. That coffee was strange, not bitter or burnt like I always thought! The barista handed me freshly ground coffee and asked me to smell it. For the first time, I encountered such a scent in coffee! A hint of citrus wafted through my nose. The aroma was truly impressive, but I was still skeptical about its flavor. Are you curious about the taste of that cup of coffee? If so, come visit 3C! &#8211; You&#8217;ll find coffee to be quite interesting! <a href=\"https:\/\/3croastery.com\/cua-hang\/\">Store<\/a><\/p>\n<h2>What flavor of coffee does 3C aim for?<\/h2>\n<h3>The flavor in coffee is always the most intriguing thing to everyone! Why is that?<\/h3>\n<p>Because each type of coffee grown in different parts of the world carries its own personality. For example, the <a href=\"https:\/\/3croastery.com\/product\/ca-phe-ethiopia-guji-dawabi-so-che-uot-200gram\/\">ETHIOPIA GUJI DAWABI COFFEE \u2013 WET PROCESSED \u2013 200GRAM<\/a> will offer a taste rich in tropical fruits. It&#8217;s easy to recognize the bright acidity that awakens and is hard to confuse in a cup of coffee from <a href=\"https:\/\/3croastery.com\/product\/ca-phe-kenya-hat-da-rang-kenya-ab-karibu-light-medium-roast-100g-copy-2-copy\/\">Kenya<\/a>, whether you brew it as Cold Brew, Espresso, filter coffee, or using a V60 method! In contrast to the flavors of African coffee, such as Kenya or Ethiopia, coffee from the <strong>South American region<\/strong> often has hints of sweetness, the creamy flavor of nuts like macadamia, almonds, or vanilla,&#8230; However, some coffees grown in Colombia or Peru tend to be more acidic than their &#8220;neighbors.&#8221;<\/p>\n<h2>So, what are the characteristics of Vietnamese Arabica coffee?<\/h2>\n<h4>Arabica coffee is not commonly grown in Vietnam<\/h4>\n<p>Arabica coffee requires high altitude, fertile soil, and cool climates for cultivation. In Vietnam, Arabica coffee is found mostly in L\u1ea1c D\u01b0\u01a1ng, C\u1ea7u \u0110\u1ea5t, Khe Sanh, Qu\u1ea3ng Tr\u1ecb, N\u00fai Min, and S\u01a1n La.<\/p>\n<h4>Vietnamese Arabica coffee has a unique flavor<\/h4>\n<p>Blessed by nature, Vietnamese Arabica coffee offers a rich flavor profile, highlighting notes of chocolate, black tea, and essential oils in a cup of Arabica grown in Vietnam.<\/p>\n<p>&nbsp;<\/p>\n","protected":false},"excerpt":{"rendered":"<p>The Third Wave of Coffee! I still vividly remember the first cup of coffee that changed my life. That coffee was strange, not bitter or burnt like I always thought! The barista handed me freshly ground coffee and asked me to smell it. For the first time, I encountered such a scent in coffee! A [&hellip;]<\/p>\n","protected":false},"author":1,"featured_media":0,"parent":0,"menu_order":0,"comment_status":"closed","ping_status":"closed","template":"template\/home.php","meta":{"inline_featured_image":false,"footnotes":""},"class_list":["post-4164","page","type-page","status-publish","hentry"],"yoast_head":"<!-- This site is optimized with the Yoast SEO plugin v23.8 - https:\/\/yoast.com\/wordpress\/plugins\/seo\/ -->\n<title>Home - 3C Roastery<\/title>\n<meta name=\"description\" content=\"3C Roastery Specialty Coffee - C\u00e0 ph\u00ea ch\u1ea5t l\u01b0\u1ee3ng cao H\u00e0 N\u1ed9i. L\u00e0 m\u1ed9t trong nh\u1eefng nh\u00e0 ti\u00ean phong \u0111\u1ea7u ti\u00ean c\u1ee7a l\u00e0n s\u00f3ng Specialty Coffee VN.\" \/>\n<meta name=\"robots\" content=\"index, follow, max-snippet:-1, max-image-preview:large, max-video-preview:-1\" \/>\n<link rel=\"canonical\" href=\"https:\/\/3croastery.com\/en\/\" \/>\n<meta property=\"og:locale\" content=\"en_US\" \/>\n<meta property=\"og:type\" content=\"article\" \/>\n<meta property=\"og:title\" content=\"Home - 3C Roastery\" \/>\n<meta property=\"og:description\" content=\"3C Roastery Specialty Coffee - C\u00e0 ph\u00ea ch\u1ea5t l\u01b0\u1ee3ng cao H\u00e0 N\u1ed9i. L\u00e0 m\u1ed9t trong nh\u1eefng nh\u00e0 ti\u00ean phong \u0111\u1ea7u ti\u00ean c\u1ee7a l\u00e0n s\u00f3ng Specialty Coffee VN.\" \/>\n<meta property=\"og:url\" content=\"https:\/\/3croastery.com\/en\/\" \/>\n<meta property=\"og:site_name\" content=\"3C Roastery\" \/>\n<meta property=\"article:modified_time\" content=\"2025-03-23T11:29:03+00:00\" \/>\n<meta name=\"twitter:card\" content=\"summary_large_image\" \/>\n<meta name=\"twitter:label1\" content=\"Est. reading time\" \/>\n\t<meta name=\"twitter:data1\" content=\"2 minutes\" \/>\n<script type=\"application\/ld+json\" class=\"yoast-schema-graph\">{\"@context\":\"https:\/\/schema.org\",\"@graph\":[{\"@type\":\"WebPage\",\"@id\":\"https:\/\/3croastery.com\/en\/\",\"url\":\"https:\/\/3croastery.com\/en\/\",\"name\":\"Home - 3C Roastery\",\"isPartOf\":{\"@id\":\"https:\/\/3croastery.com\/en\/#website\"},\"datePublished\":\"2021-09-11T09:02:12+00:00\",\"dateModified\":\"2025-03-23T11:29:03+00:00\",\"description\":\"3C Roastery Specialty Coffee - C\u00e0 ph\u00ea ch\u1ea5t l\u01b0\u1ee3ng cao H\u00e0 N\u1ed9i. L\u00e0 m\u1ed9t trong nh\u1eefng nh\u00e0 ti\u00ean phong \u0111\u1ea7u ti\u00ean c\u1ee7a l\u00e0n s\u00f3ng Specialty Coffee VN.\",\"breadcrumb\":{\"@id\":\"https:\/\/3croastery.com\/en\/#breadcrumb\"},\"inLanguage\":\"en-US\",\"potentialAction\":[{\"@type\":\"ReadAction\",\"target\":[\"https:\/\/3croastery.com\/en\/\"]}]},{\"@type\":\"BreadcrumbList\",\"@id\":\"https:\/\/3croastery.com\/en\/#breadcrumb\",\"itemListElement\":[{\"@type\":\"ListItem\",\"position\":1,\"name\":\"Trang ch\u1ee7\",\"item\":\"https:\/\/3croastery.com\/en\/\"},{\"@type\":\"ListItem\",\"position\":2,\"name\":\"Home\"}]},{\"@type\":\"WebSite\",\"@id\":\"https:\/\/3croastery.com\/en\/#website\",\"url\":\"https:\/\/3croastery.com\/en\/\",\"name\":\"3C Roastery\",\"description\":\"Specialty Coffee\",\"potentialAction\":[{\"@type\":\"SearchAction\",\"target\":{\"@type\":\"EntryPoint\",\"urlTemplate\":\"https:\/\/3croastery.com\/en\/?s={search_term_string}\"},\"query-input\":{\"@type\":\"PropertyValueSpecification\",\"valueRequired\":true,\"valueName\":\"search_term_string\"}}],\"inLanguage\":\"en-US\"}]}<\/script>\n<!-- \/ Yoast SEO plugin. -->","yoast_head_json":{"title":"Home - 3C Roastery","description":"3C Roastery Specialty Coffee - C\u00e0 ph\u00ea ch\u1ea5t l\u01b0\u1ee3ng cao H\u00e0 N\u1ed9i. L\u00e0 m\u1ed9t trong nh\u1eefng nh\u00e0 ti\u00ean phong \u0111\u1ea7u ti\u00ean c\u1ee7a l\u00e0n s\u00f3ng Specialty Coffee VN.","robots":{"index":"index","follow":"follow","max-snippet":"max-snippet:-1","max-image-preview":"max-image-preview:large","max-video-preview":"max-video-preview:-1"},"canonical":"https:\/\/3croastery.com\/en\/","og_locale":"en_US","og_type":"article","og_title":"Home - 3C Roastery","og_description":"3C Roastery Specialty Coffee - C\u00e0 ph\u00ea ch\u1ea5t l\u01b0\u1ee3ng cao H\u00e0 N\u1ed9i. L\u00e0 m\u1ed9t trong nh\u1eefng nh\u00e0 ti\u00ean phong \u0111\u1ea7u ti\u00ean c\u1ee7a l\u00e0n s\u00f3ng Specialty Coffee VN.","og_url":"https:\/\/3croastery.com\/en\/","og_site_name":"3C Roastery","article_modified_time":"2025-03-23T11:29:03+00:00","twitter_card":"summary_large_image","twitter_misc":{"Est. reading time":"2 minutes"},"schema":{"@context":"https:\/\/schema.org","@graph":[{"@type":"WebPage","@id":"https:\/\/3croastery.com\/en\/","url":"https:\/\/3croastery.com\/en\/","name":"Home - 3C Roastery","isPartOf":{"@id":"https:\/\/3croastery.com\/en\/#website"},"datePublished":"2021-09-11T09:02:12+00:00","dateModified":"2025-03-23T11:29:03+00:00","description":"3C Roastery Specialty Coffee - C\u00e0 ph\u00ea ch\u1ea5t l\u01b0\u1ee3ng cao H\u00e0 N\u1ed9i. L\u00e0 m\u1ed9t trong nh\u1eefng nh\u00e0 ti\u00ean phong \u0111\u1ea7u ti\u00ean c\u1ee7a l\u00e0n s\u00f3ng Specialty Coffee VN.","breadcrumb":{"@id":"https:\/\/3croastery.com\/en\/#breadcrumb"},"inLanguage":"en-US","potentialAction":[{"@type":"ReadAction","target":["https:\/\/3croastery.com\/en\/"]}]},{"@type":"BreadcrumbList","@id":"https:\/\/3croastery.com\/en\/#breadcrumb","itemListElement":[{"@type":"ListItem","position":1,"name":"Trang ch\u1ee7","item":"https:\/\/3croastery.com\/en\/"},{"@type":"ListItem","position":2,"name":"Home"}]},{"@type":"WebSite","@id":"https:\/\/3croastery.com\/en\/#website","url":"https:\/\/3croastery.com\/en\/","name":"3C Roastery","description":"Specialty Coffee","potentialAction":[{"@type":"SearchAction","target":{"@type":"EntryPoint","urlTemplate":"https:\/\/3croastery.com\/en\/?s={search_term_string}"},"query-input":{"@type":"PropertyValueSpecification","valueRequired":true,"valueName":"search_term_string"}}],"inLanguage":"en-US"}]}},"_links":{"self":[{"href":"https:\/\/3croastery.com\/en\/wp-json\/wp\/v2\/pages\/4164","targetHints":{"allow":["GET"]}}],"collection":[{"href":"https:\/\/3croastery.com\/en\/wp-json\/wp\/v2\/pages"}],"about":[{"href":"https:\/\/3croastery.com\/en\/wp-json\/wp\/v2\/types\/page"}],"author":[{"embeddable":true,"href":"https:\/\/3croastery.com\/en\/wp-json\/wp\/v2\/users\/1"}],"replies":[{"embeddable":true,"href":"https:\/\/3croastery.com\/en\/wp-json\/wp\/v2\/comments?post=4164"}],"version-history":[{"count":12,"href":"https:\/\/3croastery.com\/en\/wp-json\/wp\/v2\/pages\/4164\/revisions"}],"predecessor-version":[{"id":5266,"href":"https:\/\/3croastery.com\/en\/wp-json\/wp\/v2\/pages\/4164\/revisions\/5266"}],"wp:attachment":[{"href":"https:\/\/3croastery.com\/en\/wp-json\/wp\/v2\/media?parent=4164"}],"curies":[{"name":"wp","href":"https:\/\/api.w.org\/{rel}","templated":true}]}}